{"id":946,"date":"2020-09-02T17:02:12","date_gmt":"2020-09-02T14:02:12","guid":{"rendered":"http:\/\/arcxo.fi\/?page_id=946"},"modified":"2020-09-04T10:32:56","modified_gmt":"2020-09-04T07:32:56","slug":"contact","status":"publish","type":"page","link":"https:\/\/arcxo.fi\/en\/contact\/","title":{"rendered":"Contact"},"content":{"rendered":"<div id=\"pl-946\"  class=\"panel-layout\" ><div id=\"pg-946-0\"  class=\"panel-grid panel-no-style\" ><div id=\"pgc-946-0-0\"  class=\"panel-grid-cell\" ><div id=\"panel-946-0-0-0\" class=\"so-panel widget widget_arcxo-front-slider panel-first-child\" data-index=\"0\" ><div class=\"so-widget-arcxo-front-slider so-widget-arcxo-front-slider-default-d75171398898-946\"><div class=\"arcxo-so-front-slider sub\">\n    \t    <div class=\"slide video\">\n                            <div class=\"video\">\n                    <video muted autoplay loop playsinline>\n                        <source src=\"https:\/\/arcxo.fi\/wp-content\/uploads\/2020\/04\/combined.mp4\" \/>\n                    <\/video>\n                <\/div>\n                            \t\t<div class=\"veil\"><\/div>\n            <div class=\"contentwrap\">\n    \t    \t<div class=\"content\">\n                    <h2>Contact<\/h2>\n\n                <\/div>\n\t\t    <\/div>\n\t    <\/div>\n    <\/div>\n<\/div><\/div><div id=\"panel-946-0-0-1\" class=\"so-panel widget widget_arcxo-sales-area-list\" data-index=\"1\" ><div class=\"so-widget-arcxo-sales-area-list so-widget-arcxo-sales-area-list-default-d75171398898-946\"><section class=\"widget-arcxo-salesarealist\">\n    <img src=\"\/wp-content\/themes\/arcxo\/assets\/img\/kartta_kuvituskuva5.png\" alt=\"\" \/>\n            <div class=\"country\">\n            <h3>Baltic<\/h3>\n                            <div class=\"department\">\n                    <strong>Sales <\/strong><br \/>\n                                                                <div class=\"contactbox2\">\n                            <strong>Mihails Valovs<\/strong><br \/>\n                            CEO<br \/>                            <a href=\"tel:+371 2664 4991\">+371 2664 4991<\/a><br \/>                            <a href=\"mailto:mihails.valovs@arcxo.lv\">mihails.valovs@arcxo.lv<\/a><br \/>                            Dunduru 11, Daugavpils<br \/>\r\nLV-5414<br \/>\r\nLatvia<br \/>                        <\/div>\n                                    <\/div>\n                            <div class=\"department\">\n                    <strong>Service \/ Spare parts<\/strong><br \/>\n                                                                <div class=\"contactbox2\">\n                            <strong>M\u0101ris Garkuls<\/strong><br \/>\n                            Service Engineer<br \/>                            <a href=\"tel:+371 26456099\">+371 26456099<\/a><br \/>                            <a href=\"mailto:maris.garkuls@arcxo.lv\">maris.garkuls@arcxo.lv<\/a><br \/>                            Dunduru 11, Daugavpils<br \/>\r\nLV-5414<br \/>\r\nLatvia<br \/>                        <\/div>\n                                    <\/div>\n                    <\/div>\n            <div class=\"country\">\n            <h3>Arcxo CleanTech Oy<\/h3>\n                            <div class=\"department\">\n                    <strong>Sales <\/strong><br \/>\n                                                                <div class=\"contactbox2\">\n                            <strong>Eero Pohjaranta<\/strong><br \/>\n                            CEO<br \/>                            <a href=\"tel:+358400599165\">+358400599165<\/a><br \/>                            <a href=\"mailto:eero.pohjaranta@arcxo.com\">eero.pohjaranta@arcxo.com<\/a><br \/>                            K\u00f6\u00f6rnummentie 4,<br \/>\r\n27800 S\u00e4kyl\u00e4<br \/>\r\nFinland<br \/>                        <\/div>\n                                    <\/div>\n                    <\/div>\n            <div class=\"country\">\n            <h3>Finland<\/h3>\n                            <div class=\"department\">\n                    <strong>Sales<\/strong><br \/>\n                                                                <div class=\"contactbox2\">\n                            <strong>Jari-Pekka Kiiski<\/strong><br \/>\n                            CEO \/ Owner<br \/>                            <a href=\"tel:+358 40 720 5511\">+358 40 720 5511<\/a><br \/>                            <a href=\"mailto:jp@arcxo.fi\">jp@arcxo.fi<\/a><br \/>                            PL30<br \/>\r\nFI-02921 ESPOO<br \/>                        <\/div>\n                                            <div class=\"contactbox2\">\n                            <strong>Pasi Pekkanen<\/strong><br \/>\n                            COO \/ Owner<br \/>                            <a href=\"tel:+358 44 988 7440\">+358 44 988 7440<\/a><br \/>                            <a href=\"mailto:pasi@arcxo.fi\">pasi@arcxo.fi<\/a><br \/>                            Oppilaankatu 4<br \/>\r\nFI-53100 LAPPEENRANTA<br \/>                        <\/div>\n                                            <div class=\"contactbox2\">\n                            <strong>Miska Kilpikivi<\/strong><br \/>\n                            Sales Manager<br \/>                            <a href=\"tel:+358 45 355 9440\">+358 45 355 9440<\/a><br \/>                            <a href=\"mailto:miska.kilpikivi@arcxo.fi\">miska.kilpikivi@arcxo.fi<\/a><br \/>                            Nuolitie 2 H 1<br \/>\r\nFI-01740 VANTAA<br \/>                        <\/div>\n                                            <div class=\"contactbox2\">\n                            <strong>Tero Mellin <\/strong><br \/>\n                            Project Manager <br \/>                            <a href=\"tel:+358 40 841 4334\">+358 40 841 4334<\/a><br \/>                            <a href=\"mailto:tero.mellin@arcxo.fi\">tero.mellin@arcxo.fi<\/a><br \/>                            Nuolitie 2 H 1<br \/>\r\nFI-01740 VANTAA<br \/>                        <\/div>\n                                    <\/div>\n                            <div class=\"department\">\n                    <strong>Service \/ Spare parts<\/strong><br \/>\n                                            <div style=\"margin-top: 20px\">\n                            <p><a href=\"mailto:service@arcxo.fi\">service@arcxo.fi<\/a><br \/>\nNuolitie 2 H 1<br \/>\nFI-01740 VANTAA<\/p>\n\n                        <\/div>\n                                                        <\/div>\n                    <\/div>\n    <\/section>\n<\/div><\/div><div id=\"panel-946-0-0-2\" class=\"so-panel widget widget_arcxo-footer panel-last-child\" data-index=\"2\" ><div class=\"so-widget-arcxo-footer so-widget-arcxo-footer-default-d75171398898-946\"><div class=\"arcxo-so-footer\">\n    <div class=\"inner\">\n        <div class=\"col\">\n            <h3 class=\"heading\">Page map<\/h3>\n            <ul class=\"nav\">\n                                    <li><a href=\"\/en\/\"><span>Home<\/span><\/a><\/li>\n                                    <li><a href=\"\/en\/about\/\"><span>About us<\/span><\/a><\/li>\n                                    <li><a href=\"\/en\/suppliers\/\"><span>Suppliers<\/span><\/a><\/li>\n                                    <li><a href=\"\/en\/post-processing-and-packaging-machines\/\"><span>Post-processing and packaging machines<\/span><\/a><\/li>\n                                    <li><a href=\"\/en\/packaging-lines-and-systems\/\"><span>Packaging lines and systems<\/span><\/a><\/li>\n                                    <li><a href=\"\/en\/service-installation-and-spare-parts\/\"><span>Service, installation and spare parts<\/span><\/a><\/li>\n                                    <li><a href=\"\/en\/news-events\/\"><span>News and events<\/span><\/a><\/li>\n                                    <li><a href=\"\/en\/contact\/\"><span>Contact<\/span><\/a><\/li>\n                            <\/ul>\n        <\/div><div class=\"col\">\n            <h3 class=\"heading\">Contact<\/h3>\n\t\t\t<p><a href=\"https:\/\/arcxo.fi\/en\/contact\">Sales<\/a><\/p>\n<p><a href=\"https:\/\/arcxo.fi\/en\/service-installation-and-spare-parts\/\">Service<\/a><\/p>\n\n\n        <\/div><div class=\"col\">\n            <h3 class=\"heading\">Send a message<\/h3>\n            <form method=\"post\" action=\"\" id=\"footerform\" style=\"position: relative\">\n                <div class=\"field\">\n                    <input type=\"text\" name=\"name\" autocomplete=\"name\" placeholder=\"Name\" data-re=\"\\S+\" data-key=\"name\" \/>\n                <\/div>\n                <div class=\"field\"> \n                    <input type=\"text\" name=\"email\" autocomplete=\"email\" placeholder=\"Email\" data-re=\".+@.+\" data-key=\"email\" \/>\n                <\/div>\n                <div class=\"field\">\n                    <input type=\"text\" name=\"mobile\" autocomplete=\"tel\" placeholder=\"Telephone\" data-re=\"\\d+\" data-key=\"phone\" \/>\n                <\/div>\n                <div class=\"field\">\n                    <textarea name=\"message\" placeholder=\"Message\" data-key=\"message\"><\/textarea>\n                <\/div>\n                <button class=\"btn green\">\n                    Submit\n                <\/button>\n                <div style=\"display: none; position: absolute; width: 100%; height: 100%; background-color: rgba(4, 26, 60, .6); color: #fff; top: 0; left: 0; width: 100%; height: 100%\" class=\"thanks\">\n                    <div style=\"position: absolute; bottom: 4em; left: 0; width: 100%; text-align: center\">\n                        Thank you.\nThe message has been sent.\n                    <\/div>\n                <\/div>\n            <\/form>\n            <script>\n                var formBusy = false;\n$(document).ready(function() {\n    $('#footerform').submit(function(e) {\n        e.preventDefault();\n    });\n    $('#footerform button').click(function() {\n        if (formBusy) {\n            return;\n        }\n        formBusy = true;\n        var data = {};\n        var invalid = [];\n        $('#footerform .invalid').removeClass('invalid');\n        $('#footerform input, #footerform textarea').each(function(i, e) {\n            var elm = $(e);\n            var key = elm.data('key');\n            data[key] = elm.val();\n            if (elm.data('re')) {\n                if (!elm.val().match(new RegExp(elm.data('re')))) {\n                    elm.addClass('invalid');\n                    invalid.push(elm);\n                }\n            }\n        });\n        if (invalid.length > 0) {\n            invalid[0].focus();\n        } else {\n            $.post(ajaxurl, { data: data, action: 'ssmail' }, function(r) {\n                $('#footerform input, #footerform textarea').val('');\n                $('#footerform .thanks').show();\n                setTimeout(function() { $('#footerform .thanks').hide(); formBusy = false; }, 5000);\n            }, 'json');\n        }\n    });\n});\n            <\/script>           \n        <\/div><div class=\"col\">\n            <h3 class=\"heading\">See also<\/h3>\n            <p><a href=\"https:\/\/arcxo.fi\/en\/general-terms-and-conditions\/\">General terms and conditions<\/a><\/p>\n<p><a href=\"https:\/\/arcxo.fi\/wp-content\/uploads\/2021\/03\/AA_Arcxo_Group_Oy_EN_414571.pdf\" target=\"_blank\" rel=\"noopener\"><img class=\"alignnone wp-image-1201 size-full\" src=\"https:\/\/arcxo.fi\/wp-content\/uploads\/2021\/03\/SV_AA_LOGO_Arcxo_Group_Oy_EN_414571_web.jpg\" alt=\"\" width=\"209\" height=\"300\" \/><\/a><\/p>\n<p><a href=\"https:\/\/www.vastuugroup.fi\/fi-fi\/tietoa-meista\/vastuullisuus\" target=\"_blank\" rel=\"noopener\"><img class=\"wp-image-1184 alignleft\" src=\"https:\/\/arcxo.fi\/wp-content\/uploads\/2020\/11\/LK_valkoinen_rgb-600x282.jpg\" alt=\"\" width=\"200\" height=\"94\" \/><\/a><\/p>\n\n        <\/div>\n    <\/div>\n<\/div>\n<\/div><\/div><\/div><\/div><\/div>","protected":false},"excerpt":{"rendered":"<p>Contact Baltic Sales Mihails Valovs CEO +371 2664 4991 mihails.valovs@arcxo.lv Dunduru 11, Daugavpils LV-5414 Latvia Service \/ Spare parts M\u0101ris Garkuls Service Engineer +371 26456099 maris.garkuls@arcxo.lv Dunduru 11, Daugavpils LV-5414 Latvia Arcxo CleanTech Oy Sales Eero Pohjaranta CEO +358400599165 eero.pohjaranta@arcxo.com K\u00f6\u00f6rnummentie 4, 27800 S\u00e4kyl\u00e4 Finland Finland Sales Jari-Pekka Kiiski CEO \/ Owner +358 40 720 [&hellip;]<\/p>\n","protected":false},"author":2,"featured_media":0,"parent":0,"menu_order":0,"comment_status":"closed","ping_status":"closed","template":"tpl-basic.php","meta":[],"yoast_head":"<!-- This site is optimized with the Yoast SEO plugin v15.2.1 - https:\/\/yoast.com\/wordpress\/plugins\/seo\/ -->\n<title>Contact - Arcxo<\/title>\n<meta name=\"robots\" content=\"index, follow, max-snippet:-1, max-image-preview:large, max-video-preview:-1\" \/>\n<link rel=\"canonical\" href=\"https:\/\/arcxo.fi\/en\/contact\/\" \/>\n<meta property=\"og:locale\" content=\"en_US\" \/>\n<meta property=\"og:type\" content=\"article\" \/>\n<meta property=\"og:title\" content=\"Contact - Arcxo\" \/>\n<meta property=\"og:description\" content=\"Contact Baltic Sales Mihails Valovs CEO +371 2664 4991 mihails.valovs@arcxo.lv Dunduru 11, Daugavpils LV-5414 Latvia Service \/ Spare parts M\u0101ris Garkuls Service Engineer +371 26456099 maris.garkuls@arcxo.lv Dunduru 11, Daugavpils LV-5414 Latvia Arcxo CleanTech Oy Sales Eero Pohjaranta CEO +358400599165 eero.pohjaranta@arcxo.com K\u00f6\u00f6rnummentie 4, 27800 S\u00e4kyl\u00e4 Finland Finland Sales Jari-Pekka Kiiski CEO \/ Owner +358 40 720 [&hellip;]\" \/>\n<meta property=\"og:url\" content=\"https:\/\/arcxo.fi\/en\/contact\/\" \/>\n<meta property=\"og:site_name\" content=\"Arcxo\" \/>\n<meta property=\"article:modified_time\" content=\"2020-09-04T07:32:56+00:00\" \/>\n<meta name=\"twitter:card\" content=\"summary_large_image\" \/>\n<meta name=\"twitter:label1\" content=\"Written by\">\n\t<meta name=\"twitter:data1\" content=\"Johanna Vuorinen\">\n\t<meta name=\"twitter:label2\" content=\"Est. reading time\">\n\t<meta name=\"twitter:data2\" content=\"0 minutes\">\n<script type=\"application\/ld+json\" class=\"yoast-schema-graph\">{\"@context\":\"https:\/\/schema.org\",\"@graph\":[{\"@type\":\"WebSite\",\"@id\":\"https:\/\/arcxo.fi\/en\/#website\",\"url\":\"https:\/\/arcxo.fi\/en\/\",\"name\":\"Arcxo\",\"description\":\"Prosessi- ja pakkausteknologian yhteisty\\u00f6kumppani\",\"potentialAction\":[{\"@type\":\"SearchAction\",\"target\":\"https:\/\/arcxo.fi\/en\/?s={search_term_string}\",\"query-input\":\"required name=search_term_string\"}],\"inLanguage\":\"en-US\"},{\"@type\":\"WebPage\",\"@id\":\"https:\/\/arcxo.fi\/en\/contact\/#webpage\",\"url\":\"https:\/\/arcxo.fi\/en\/contact\/\",\"name\":\"Contact - Arcxo\",\"isPartOf\":{\"@id\":\"https:\/\/arcxo.fi\/en\/#website\"},\"datePublished\":\"2020-09-02T14:02:12+00:00\",\"dateModified\":\"2020-09-04T07:32:56+00:00\",\"inLanguage\":\"en-US\",\"potentialAction\":[{\"@type\":\"ReadAction\",\"target\":[\"https:\/\/arcxo.fi\/en\/contact\/\"]}]}]}<\/script>\n<!-- \/ Yoast SEO plugin. -->","_links":{"self":[{"href":"https:\/\/arcxo.fi\/en\/wp-json\/wp\/v2\/pages\/946"}],"collection":[{"href":"https:\/\/arcxo.fi\/en\/wp-json\/wp\/v2\/pages"}],"about":[{"href":"https:\/\/arcxo.fi\/en\/wp-json\/wp\/v2\/types\/page"}],"author":[{"embeddable":true,"href":"https:\/\/arcxo.fi\/en\/wp-json\/wp\/v2\/users\/2"}],"replies":[{"embeddable":true,"href":"https:\/\/arcxo.fi\/en\/wp-json\/wp\/v2\/comments?post=946"}],"version-history":[{"count":2,"href":"https:\/\/arcxo.fi\/en\/wp-json\/wp\/v2\/pages\/946\/revisions"}],"predecessor-version":[{"id":951,"href":"https:\/\/arcxo.fi\/en\/wp-json\/wp\/v2\/pages\/946\/revisions\/951"}],"wp:attachment":[{"href":"https:\/\/arcxo.fi\/en\/wp-json\/wp\/v2\/media?parent=946"}],"curies":[{"name":"wp","href":"https:\/\/api.w.org\/{rel}","templated":true}]}}